{"id":38498,"date":"2023-05-10T14:35:14","date_gmt":"2023-05-10T17:35:14","guid":{"rendered":"https:\/\/botrecuperacaodedados.com\/politica-de-cookies\/"},"modified":"2025-01-28T00:22:51","modified_gmt":"2025-01-28T03:22:51","slug":"politica-de-cookies","status":"publish","type":"page","link":"https:\/\/botrecuperacaodedados.com\/es\/politica-de-cookies\/","title":{"rendered":"Pol\u00edtica de cookies"},"content":{"rendered":"\t\t<div data-elementor-type=\"wp-page\" data-elementor-id=\"38498\" class=\"elementor elementor-38498 elementor-26630\" data-elementor-post-type=\"page\">\n\t\t\t\t<div class=\"elementor-element elementor-element-2ac1707 e-flex e-con-boxed e-con e-parent\" data-id=\"2ac1707\" data-element_type=\"container\" data-e-type=\"container\" data-settings=\"{&quot;background_background&quot;:&quot;classic&quot;}\">\n\t\t\t\t\t<div class=\"e-con-inner\">\n\t\t\t\t<div class=\"elementor-element elementor-element-df20de5 elementor-widget__width-initial elementor-widget-mobile__width-inherit elementor-widget elementor-widget-heading\" data-id=\"df20de5\" data-element_type=\"widget\" data-e-type=\"widget\" data-widget_type=\"heading.default\">\n\t\t\t\t\t<h1 class=\"elementor-heading-title elementor-size-default\"><br> Consulta nuestra <font color=\"#6E22E4\">Pol\u00edtica de<\/font> <font color=\"#6E22E4\">Cookies<\/font><\/h1>\t\t\t\t<\/div>\n\t\t\t\t<div class=\"elementor-element elementor-element-c7aba26 elementor-widget elementor-widget-text-editor\" data-id=\"c7aba26\" data-element_type=\"widget\" data-e-type=\"widget\" data-widget_type=\"text-editor.default\">\n\t\t\t\t\t\t\t\t\t<p>Una cookie es un peque\u00f1o fragmento de texto que los sitios web env\u00edan al navegador y que se almacena en el dispositivo terminal del usuario, por ejemplo un PC, un tel\u00e9fono m\u00f3vil, una tableta, etc. Estos archivos permiten al sitio recordar informaci\u00f3n sobre tu visita, como el idioma y las opciones preferidas, lo que puede facilitar la pr\u00f3xima visita y hacer que el sitio te resulte m\u00e1s \u00fatil. Las cookies desempe\u00f1an un papel muy importante en la mejora de la experiencia del usuario en la web.  <\/p>\n\t\t\t\t\t\t\t\t<\/div>\n\t\t\t\t\t<\/div>\n\t\t\t\t<\/div>\n\t\t<div class=\"elementor-element elementor-element-62d1573 e-flex e-con-boxed e-con e-parent\" data-id=\"62d1573\" data-element_type=\"container\" data-e-type=\"container\">\n\t\t\t\t\t<div class=\"e-con-inner\">\n\t\t\t\t<div class=\"elementor-element elementor-element-04c4e2e elementor-widget elementor-widget-text-editor\" data-id=\"04c4e2e\" data-element_type=\"widget\" data-e-type=\"widget\" data-widget_type=\"text-editor.default\">\n\t\t\t\t\t\t\t\t\t<p style=\"text-align: left;\"><strong>\u00bfQu\u00e9 es una galleta?<\/strong><br \/>Una cookie es un peque\u00f1o fragmento de texto que los sitios web env\u00edan al navegador y que se almacena en el dispositivo terminal del usuario, por ejemplo un PC, un tel\u00e9fono m\u00f3vil, una tableta, etc. Estos archivos permiten al sitio recordar informaci\u00f3n sobre tu visita, como el idioma y las opciones preferidas, lo que puede facilitar la pr\u00f3xima visita y hacer que el sitio te resulte m\u00e1s \u00fatil. Las cookies desempe\u00f1an un papel muy importante en la mejora de la experiencia del usuario en la web.<\/p><p style=\"text-align: left;\"><strong>\u00a0<\/strong><\/p><p>\u00bfC\u00f3mo se utilizan las cookies? <strong>Al navegar por este sitio web, est\u00e1s consintiendo que instalemos cookies en tu dispositivo y nos permitas acceder a la siguiente informaci\u00f3n: &#8211; Informaci\u00f3n estad\u00edstica sobre el uso de la web por parte del usuario. &#8211; El formato preferido de acceso a la web desde dispositivos m\u00f3viles. &#8211; \u00daltimas b\u00fasquedas realizadas en servicios web y servicios de personalizaci\u00f3n de datos. &#8211; Informaci\u00f3n sobre los anuncios mostrados al usuario. &#8211; Datos de conexi\u00f3n a redes sociales para usuarios, acceso a Facebook o Twitter.<\/strong><\/p><p style=\"text-align: left;\"><strong><br \/>Tipos de cookies utilizadas:<\/strong> Este sitio web utiliza cookies temporales de sesi\u00f3n y cookies persistentes. <strong><br \/>Las cookies de sesi\u00f3n almacenan informaci\u00f3n \u00fanicamente mientras el usuario accede a la web, mientras que las cookies persistentes se almacenan en los datos del dispositivo terminal y se accede a ellas y se utilizan en m\u00e1s de una sesi\u00f3n. Cookies t\u00e9cnicas: permiten al usuario la navegaci\u00f3n a trav\u00e9s de la web o aplicaci\u00f3n y la utilizaci\u00f3n de las diferentes opciones o servicios que en ella existen.<br \/>Por ejemplo, para controlar el tr\u00e1fico y la comunicaci\u00f3n de datos, identificar la sesi\u00f3n, acceder a partes web de acceso restringido, etc. Cookies de personalizaci\u00f3n: permiten al usuario acceder al servicio con algunas caracter\u00edsticas de car\u00e1cter general predefinidas en su terminal o en su configuraci\u00f3n de usuario.<br \/>Por ejemplo, el idioma, el tipo de navegador a trav\u00e9s del cual se accede al servicio, el dise\u00f1o de contenidos seleccionado. Cookies estrictamente necesarias: Estas cookies son necesarias para el funcionamiento del sitio web y no pueden ser desactivadas en nuestros sistemas. Suelen establecerse en respuesta a acciones realizadas por ti que corresponden a solicitudes de servicio, como establecer tus preferencias de privacidad, iniciar sesi\u00f3n o rellenar formularios. Puedes configurar tu navegador para que bloquee estas cookies o te avise de ellas, pero en este caso algunas partes del sitio web dejar\u00e1n de funcionar.<br \/>Estas cookies no almacenan ninguna informaci\u00f3n personal identificable. Cookies de rendimiento: Estas cookies nos permiten contar las visitas y las fuentes de tr\u00e1fico para que podamos medir y mejorar el rendimiento de nuestro sitio web. Nos ayudan a saber qu\u00e9 p\u00e1ginas son m\u00e1s y menos populares y a ver c\u00f3mo se mueven los visitantes por el sitio. Toda la informaci\u00f3n que recogen estas cookies es agregada y, por tanto, anonimizada.<br \/>Si no permites estas cookies, no sabremos cu\u00e1ndo has visitado nuestro sitio web y no podremos controlar su rendimiento. Cookies de an\u00e1lisis estad\u00edstico: nos permiten controlar y analizar el comportamiento de los usuarios en los sitios web. La informaci\u00f3n recogida mediante estas cookies se utiliza en la medici\u00f3n de la actividad de los sitios web, aplicaciones o plataformas y para la elaboraci\u00f3n de perfiles de navegaci\u00f3n de los usuarios de dichos sitios, con el fin de mejorar el servicio y las funcionalidades para los usuarios.<\/strong><\/p><p style=\"text-align: left;\"><strong>Deshabilitar cookies:<\/strong> Puedes bloquear las cookies activando la configuraci\u00f3n de tu navegador que te permite rechazar el almacenamiento de todas o algunas cookies. A continuaci\u00f3n encontrar\u00e1s un enlace a la <a href=\"https:\/\/www.comparitech.com\/internet-providers\/how-to-clear-cookies\/\" target=\"_blank\" rel=\"noopener\">p\u00e1gina que explica<\/a> c\u00f3mo puedes llevar a cabo este procedimiento. Sin embargo, si utilizas la configuraci\u00f3n de tu navegador para bloquear todas las cookies (incluidas las cookies esenciales), es posible que no puedas acceder a la totalidad o a parte de nuestro sitio web, ni a ning\u00fan otro sitio web que visites. <strong><br \/><\/strong>A excepci\u00f3n de las cookies esenciales, todas las cookies caducan al cabo de cierto tiempo.<\/p>\t\t\t\t\t\t\t\t<\/div>\n\t\t\t\t\t<\/div>\n\t\t\t\t<\/div>\n\t\t\t\t<\/div>\n\t\t","protected":false},"excerpt":{"rendered":"<p>Consulta nuestra Pol\u00edtica de Cookies Una cookie es un peque\u00f1o fragmento de texto que los sitios web env\u00edan al navegador y que se almacena en el dispositivo terminal del usuario, por ejemplo un PC, un tel\u00e9fono m\u00f3vil, una tableta, etc. Estos archivos permiten al sitio recordar informaci\u00f3n sobre tu visita, como el idioma y las [&hellip;]<\/p>\n","protected":false},"author":1,"featured_media":0,"parent":0,"menu_order":0,"comment_status":"closed","ping_status":"closed","template":"elementor_header_footer","meta":{"inline_featured_image":false,"footnotes":""},"class_list":["post-38498","page","type-page","status-publish","hentry"],"_links":{"self":[{"href":"https:\/\/botrecuperacaodedados.com\/es\/wp-json\/wp\/v2\/pages\/38498","targetHints":{"allow":["GET"]}}],"collection":[{"href":"https:\/\/botrecuperacaodedados.com\/es\/wp-json\/wp\/v2\/pages"}],"about":[{"href":"https:\/\/botrecuperacaodedados.com\/es\/wp-json\/wp\/v2\/types\/page"}],"author":[{"embeddable":true,"href":"https:\/\/botrecuperacaodedados.com\/es\/wp-json\/wp\/v2\/users\/1"}],"replies":[{"embeddable":true,"href":"https:\/\/botrecuperacaodedados.com\/es\/wp-json\/wp\/v2\/comments?post=38498"}],"version-history":[{"count":0,"href":"https:\/\/botrecuperacaodedados.com\/es\/wp-json\/wp\/v2\/pages\/38498\/revisions"}],"wp:attachment":[{"href":"https:\/\/botrecuperacaodedados.com\/es\/wp-json\/wp\/v2\/media?parent=38498"}],"curies":[{"name":"wp","href":"https:\/\/api.w.org\/{rel}","templated":true}]}}