{"id":38518,"date":"2023-06-21T16:52:49","date_gmt":"2023-06-21T19:52:49","guid":{"rendered":"https:\/\/botrecuperacaodedados.com\/pago-bot-portugal\/"},"modified":"2025-02-20T14:02:15","modified_gmt":"2025-02-20T17:02:15","slug":"pago-es","status":"publish","type":"page","link":"https:\/\/botrecuperacaodedados.com\/es\/pago-es\/","title":{"rendered":"Pago &#8211; Bot Espa\u00f1a"},"content":{"rendered":"\t\t<div data-elementor-type=\"wp-page\" data-elementor-id=\"38518\" class=\"elementor elementor-38518 elementor-32727\" data-elementor-post-type=\"page\">\n\t\t\t\t<div class=\"elementor-element elementor-element-4d4b32ae e-flex e-con-boxed e-con e-parent\" data-id=\"4d4b32ae\" data-element_type=\"container\" data-e-type=\"container\" data-settings=\"{&quot;background_background&quot;:&quot;classic&quot;}\">\n\t\t\t\t\t<div class=\"e-con-inner\">\n\t\t\t\t<div class=\"elementor-element elementor-element-2b330be6 elementor-widget__width-initial elementor-widget-mobile__width-inherit elementor-widget elementor-widget-heading\" data-id=\"2b330be6\" data-element_type=\"widget\" data-e-type=\"widget\" data-widget_type=\"heading.default\">\n\t\t\t\t\t<h1 class=\"elementor-heading-title elementor-size-default\"><font color=\"#6E22E4\">Datos bancarios<\/font>  de&nbsp;<div>Bot Recuperaci\u00f3n de Datos\n<\/div><\/h1>\t\t\t\t<\/div>\n\t\t\t\t\t<\/div>\n\t\t\t\t<\/div>\n\t\t<div class=\"elementor-element elementor-element-f7def27 e-flex e-con-boxed e-con e-parent\" data-id=\"f7def27\" data-element_type=\"container\" data-e-type=\"container\">\n\t\t\t\t\t<div class=\"e-con-inner\">\n\t\t\t\t<div class=\"elementor-element elementor-element-526fc681 meu-texto elementor-widget__width-inherit elementor-widget elementor-widget-text-editor\" data-id=\"526fc681\" data-element_type=\"widget\" data-e-type=\"widget\" data-widget_type=\"text-editor.default\">\n\t\t\t\t\t\t\t\t\t<p style=\"text-align: center;\"><strong>Titular<\/strong>: Matrixmassive LDA<br \/><strong>Banco<\/strong>: Millennium BCP<br \/><strong>NIB<\/strong>: 0033 0000 4552 1033 0980 5<br \/><strong>IBAN<\/strong>: PT50 0033 0000 4552 1033 0980 5<br \/><strong>SWIFT<\/strong>: BCOMPTPL<\/p><p>\u00a0<\/p><p class=\"p1\"><strong><em>Una vez realizado el pago, le agradecer\u00edamos que nos enviara el comprobante por correo electr\u00f3nico para agilizar su confirmaci\u00f3n.<\/em><\/strong><\/p>\t\t\t\t\t\t\t\t<\/div>\n\t\t\t\t\t<\/div>\n\t\t\t\t<\/div>\n\t\t\t\t<\/div>\n\t\t","protected":false},"excerpt":{"rendered":"<p>Datos bancarios de&nbsp;Bot Recuperaci\u00f3n de Datos Titular: Matrixmassive LDABanco: Millennium BCPNIB: 0033 0000 4552 1033 0980 5IBAN: PT50 0033 0000 4552 1033 0980 5SWIFT: BCOMPTPL \u00a0 Una vez realizado el pago, le agradecer\u00edamos que nos enviara el comprobante por correo electr\u00f3nico para agilizar su confirmaci\u00f3n.<\/p>\n","protected":false},"author":1,"featured_media":0,"parent":0,"menu_order":0,"comment_status":"closed","ping_status":"closed","template":"elementor_header_footer","meta":{"inline_featured_image":false,"footnotes":""},"class_list":["post-38518","page","type-page","status-publish","hentry"],"_links":{"self":[{"href":"https:\/\/botrecuperacaodedados.com\/es\/wp-json\/wp\/v2\/pages\/38518","targetHints":{"allow":["GET"]}}],"collection":[{"href":"https:\/\/botrecuperacaodedados.com\/es\/wp-json\/wp\/v2\/pages"}],"about":[{"href":"https:\/\/botrecuperacaodedados.com\/es\/wp-json\/wp\/v2\/types\/page"}],"author":[{"embeddable":true,"href":"https:\/\/botrecuperacaodedados.com\/es\/wp-json\/wp\/v2\/users\/1"}],"replies":[{"embeddable":true,"href":"https:\/\/botrecuperacaodedados.com\/es\/wp-json\/wp\/v2\/comments?post=38518"}],"version-history":[{"count":0,"href":"https:\/\/botrecuperacaodedados.com\/es\/wp-json\/wp\/v2\/pages\/38518\/revisions"}],"wp:attachment":[{"href":"https:\/\/botrecuperacaodedados.com\/es\/wp-json\/wp\/v2\/media?parent=38518"}],"curies":[{"name":"wp","href":"https:\/\/api.w.org\/{rel}","templated":true}]}}