{"id":53258,"date":"2024-03-05T23:16:18","date_gmt":"2024-03-06T02:16:18","guid":{"rendered":"https:\/\/botrecuperacaodedados.com\/deixe-a-sua-opiniao-sobre-a-bot-recuperacao-de-dados\/"},"modified":"2026-01-06T12:20:06","modified_gmt":"2026-01-06T15:20:06","slug":"deja-tu-opinion","status":"publish","type":"page","link":"https:\/\/botrecuperacaodedados.com\/es\/deja-tu-opinion\/","title":{"rendered":"Opiniones Bot Recuperaci\u00f3n de Datos | Deja tu rese\u00f1a"},"content":{"rendered":"\t\t<div data-elementor-type=\"wp-page\" data-elementor-id=\"53258\" class=\"elementor elementor-53258 elementor-36572\" data-elementor-post-type=\"page\">\n\t\t\t\t<div class=\"elementor-element elementor-element-d86c4f2 e-flex e-con-boxed e-con e-parent\" data-id=\"d86c4f2\" data-element_type=\"container\" data-e-type=\"container\">\n\t\t\t\t\t<div class=\"e-con-inner\">\n\t\t\t\t<div class=\"elementor-element elementor-element-2f76097 elementor-widget elementor-widget-html\" data-id=\"2f76097\" data-element_type=\"widget\" data-e-type=\"widget\" data-widget_type=\"html.default\">\n\t\t\t\t\t<!-- BLOQUE PRINCIPAL \u2014 P\u00e1gina de Rese\u00f1as (es-ES) | Versi\u00f3n para quien llega v\u00eda e-mail -->\n<link rel=\"preconnect\" href=\"https:\/\/fonts.gstatic.com\" crossorigin=\"\">\n<link href=\"https:\/\/fonts.googleapis.com\/css2?family=Poppins:wght@400;500;600;700&amp;display=swap\" rel=\"stylesheet\">\n\n<section class=\"bot-hero\" style=\"position:relative; overflow:visible; padding:60px 0 80px; min-height:100vh; font-family:'Poppins',sans-serif; color:#111;\" aria-labelledby=\"bot-hero-title\">\n  <!-- Decoraci\u00f3n suave -->\n  <div aria-hidden=\"true\" style=\"  position:absolute; right:-80px; top:-60px; width:420px; height:420px; background: radial-gradient(140px 140px at 70% 30%, rgba(37,245,168,0.18), transparent 62%), radial-gradient(200px 200px at 40% 60%, rgba(110,34,228,0.12), transparent 62%); filter: blur(14px); z-index:0;\"><\/div>\n\n  <!-- T\u00edtulo + Subt\u00edtulo -->\n  <header style=\"position:relative; z-index:1; text-align:center; max-width:900px; margin:0 auto 28px;\">\n    <h1 id=\"bot-hero-title\" style=\"font-size:clamp(24px,3.8vw,38px); font-weight:700; margin:0 0 10px;\">\n      Deja tu opini\u00f3n\n    <\/h1>\n    <p style=\"font-size:clamp(11px,2vw,13px); color:#888888; margin:0; font-style:italic;\">\n      \u2b50 Tu opini\u00f3n tarda menos de 20&nbsp;segundos.\n    <\/p>\n  <\/header>\n\n  <!-- CTA destacado para la lista de centros -->\n  <p style=\"text-align:center; margin:0 0 34px;\">\n    <span style=\"  display:inline-block; padding:12px 28px; border-radius:999px; border:1px solid #25F5A8; background:#F5FFF9; font-size:15px; font-weight:600; color:#111;  \">\n      Selecciona el centro y haz clic para dejar tu rese\u00f1a en Google.\n    <\/span>\n  <\/p>\n\n  <!-- Lista de centros (Espa\u00f1a) -->\n  <div class=\"bot-locations\" style=\"position:relative; z-index:1; max-width:900px; margin:0 auto;\">\n    <div class=\"bot-locations-grid\" style=\"  display:grid; gap:26px; \/* espacio entre botones *\/ grid-template-columns:repeat(2, minmax(0,1fr));  \">\n\n      <!-- Madrid -->\n      <a href=\"https:\/\/g.page\/r\/CSV1186oPH9BEBM\/review\" target=\"_blank\" rel=\"noopener\" class=\"bot-btn\" aria-label=\"Valorar a Bot en Madrid en Google\">\n        Madrid\n      <\/a>\n\n      <!-- Sevilla -->\n      <a href=\"https:\/\/g.page\/r\/CaBlY7pWDvZbEBM\/review\" target=\"_blank\" rel=\"noopener\" class=\"bot-btn\" aria-label=\"Valorar a Bot en Sevilla en Google\">\n        Sevilla\n      <\/a>\n\n    <\/div>\n  <\/div>\n\n  <!-- Nota discreta de privacidad\/ayuda (para reducir fricci\u00f3n) -->\n  <p style=\"position:relative; z-index:1; text-align:center; max-width:760px; margin:26px auto 0; font-size:12px; color:#8a8a8a; line-height:1.5;\">\n    Si lo prefieres, puedes escribir solo una frase corta. Google puede pedirte que inicies sesi\u00f3n en tu cuenta.\n  <\/p>\n\n  <!-- Cuadro: por qu\u00e9 tu opini\u00f3n es importante (condensado, pero alineado con el e-mail) -->\n  <div style=\"position:relative; z-index:1; margin:24px auto 30px; max-width:960px; padding:18px 22px; background:#FBFAFF; border:1px solid #EEEAF9; border-radius:16px; box-shadow:0 10px 30px rgba(110,34,228,0.06);\">\n    <div style=\"display:grid; gap:12px; margin:0 auto; max-width:920px; grid-template-columns:repeat(3, minmax(0,1fr));\">\n\n      <div style=\"display:flex; align-items:center; gap:10px; padding:6px 4px;\">\n        <span style=\"font-size:20px;\">\ud83e\udded<\/span>\n        <div style=\"font-weight:600; font-size:14px; color:#222;\">\n          Ayuda a otros clientes a decidir\n        <\/div>\n      <\/div>\n\n      <div style=\"display:flex; align-items:center; gap:10px; padding:6px 4px;\">\n        <span style=\"font-size:20px;\">\ud83e\udd1d<\/span>\n        <div style=\"font-weight:600; font-size:14px; color:#222;\">\n          Valora el trabajo de nuestro equipo\n        <\/div>\n      <\/div>\n\n      <div style=\"display:flex; align-items:center; gap:10px; padding:6px 4px;\">\n        <span style=\"font-size:20px;\">\ud83d\udcc8<\/span>\n        <div style=\"font-weight:600; font-size:14px; color:#222;\">\n          Mejora continuamente el servicio\n        <\/div>\n      <\/div>\n\n    <\/div>\n  <\/div>\n\n<\/section>\n\n<style>\n  .bot-btn {\n    display:flex;\n    align-items:center;\n    justify-content:center;\n    padding:16px 18px;\n    border-radius:14px;\n    border:1px solid #E2E2F2;\n    background:#FFFFFF;\n    font-size:16px;\n    font-weight:600;\n    color:#111;\n    text-decoration:none;\n    box-shadow:0 3px 10px rgba(0,0,0,0.04);\n    transition:transform .12s ease, box-shadow .12s ease, border-color .12s ease;\n  }\n\n  .bot-btn:hover {\n    border-color:#25F5A8 !important;\n    box-shadow:0 6px 14px rgba(0,0,0,0.08) !important;\n    transform:translateY(-2px);\n  }\n\n  @media (max-width: 820px) {\n    .bot-locations-grid {\n      grid-template-columns:repeat(1, minmax(0,1fr)) !important;\n      gap:22px !important;\n    }\n    \/* Cuadro de los 3 puntos en 1 columna en m\u00f3vil para que no se aplaste *\/\n    section .bot-hero div[style*=\"grid-template-columns:repeat(3\"] {\n      grid-template-columns:1fr !important;\n    }\n  }\n\n  @media (max-width: 480px) {\n    .bot-locations-grid {\n      grid-template-columns:1fr !important;\n      gap:20px !important;\n    }\n    .bot-btn { font-size:17px; }\n  }\n<\/style>\t\t\t\t<\/div>\n\t\t\t\t\t<\/div>\n\t\t\t\t<\/div>\n\t\t\t\t<\/div>\n\t\t","protected":false},"excerpt":{"rendered":"<p>Deja tu opini\u00f3n \u2b50 Tu opini\u00f3n tarda menos de 20&nbsp;segundos. Selecciona el centro y haz clic para dejar tu rese\u00f1a en Google. Madrid Sevilla Si lo prefieres, puedes escribir solo una frase corta. Google puede pedirte que inicies sesi\u00f3n en tu cuenta. \ud83e\udded Ayuda a otros clientes a decidir \ud83e\udd1d Valora el trabajo de nuestro [&hellip;]<\/p>\n","protected":false},"author":1,"featured_media":53155,"parent":0,"menu_order":0,"comment_status":"closed","ping_status":"closed","template":"elementor_header_footer","meta":{"inline_featured_image":false,"footnotes":""},"class_list":["post-53258","page","type-page","status-publish","has-post-thumbnail","hentry"],"_links":{"self":[{"href":"https:\/\/botrecuperacaodedados.com\/es\/wp-json\/wp\/v2\/pages\/53258","targetHints":{"allow":["GET"]}}],"collection":[{"href":"https:\/\/botrecuperacaodedados.com\/es\/wp-json\/wp\/v2\/pages"}],"about":[{"href":"https:\/\/botrecuperacaodedados.com\/es\/wp-json\/wp\/v2\/types\/page"}],"author":[{"embeddable":true,"href":"https:\/\/botrecuperacaodedados.com\/es\/wp-json\/wp\/v2\/users\/1"}],"replies":[{"embeddable":true,"href":"https:\/\/botrecuperacaodedados.com\/es\/wp-json\/wp\/v2\/comments?post=53258"}],"version-history":[{"count":0,"href":"https:\/\/botrecuperacaodedados.com\/es\/wp-json\/wp\/v2\/pages\/53258\/revisions"}],"wp:featuredmedia":[{"embeddable":true,"href":"https:\/\/botrecuperacaodedados.com\/es\/wp-json\/wp\/v2\/media\/53155"}],"wp:attachment":[{"href":"https:\/\/botrecuperacaodedados.com\/es\/wp-json\/wp\/v2\/media?parent=53258"}],"curies":[{"name":"wp","href":"https:\/\/api.w.org\/{rel}","templated":true}]}}