{"id":26630,"date":"2023-05-10T14:35:14","date_gmt":"2023-05-10T17:35:14","guid":{"rendered":"https:\/\/botrecuperacaodedados.com\/?page_id=26630"},"modified":"2023-06-24T12:29:41","modified_gmt":"2023-06-24T15:29:41","slug":"cookies","status":"publish","type":"page","link":"https:\/\/botrecuperacaodedados.com\/pt-br\/cookies\/","title":{"rendered":"Pol\u00edtica de Cookies"},"content":{"rendered":"\t\t<div data-elementor-type=\"wp-page\" data-elementor-id=\"26630\" class=\"elementor elementor-26630\" data-elementor-post-type=\"page\">\n\t\t\t\t<div class=\"elementor-element elementor-element-2ac1707 e-flex e-con-boxed e-con e-parent\" data-id=\"2ac1707\" data-element_type=\"container\" data-e-type=\"container\" data-settings=\"{&quot;background_background&quot;:&quot;classic&quot;}\">\n\t\t\t\t\t<div class=\"e-con-inner\">\n\t\t\t\t<div class=\"elementor-element elementor-element-df20de5 elementor-widget__width-initial elementor-widget-mobile__width-inherit elementor-widget elementor-widget-heading\" data-id=\"df20de5\" data-element_type=\"widget\" data-e-type=\"widget\" data-widget_type=\"heading.default\">\n\t\t\t\t\t<h1 class=\"elementor-heading-title elementor-size-default\">Conhe\u00e7a nossa <br> <font color=\"#6E22E4\">Pol\u00edtica de Cookies<\/font><\/h1>\t\t\t\t<\/div>\n\t\t\t\t<div class=\"elementor-element elementor-element-c7aba26 elementor-widget elementor-widget-text-editor\" data-id=\"c7aba26\" data-element_type=\"widget\" data-e-type=\"widget\" data-widget_type=\"text-editor.default\">\n\t\t\t\t\t\t\t\t\t<p>Este site utiliza cookies e, em alguns casos, cookies de terceiros para proporcionar uma melhor experi\u00eancia e servi\u00e7o aos utilizadores. Ao navegar ou utilizar os nossos servi\u00e7os est\u00e1 aceitando que utilizemos cookies. No entanto, o utilizador tem a op\u00e7\u00e3o de impedir a cria\u00e7\u00e3o de cookies ou de apagar os mesmos, selecionando a op\u00e7\u00e3o pertinente no browser. Se bloquear a utiliza\u00e7\u00e3o de cookies no seu browser, tal pode interferir com alguns servi\u00e7os e algumas fun\u00e7\u00f5es do site podem n\u00e3o estar dispon\u00edveis.<\/p>\t\t\t\t\t\t\t\t<\/div>\n\t\t\t\t\t<\/div>\n\t\t\t\t<\/div>\n\t\t<div class=\"elementor-element elementor-element-62d1573 e-flex e-con-boxed e-con e-parent\" data-id=\"62d1573\" data-element_type=\"container\" data-e-type=\"container\">\n\t\t\t\t\t<div class=\"e-con-inner\">\n\t\t\t\t<div class=\"elementor-element elementor-element-04c4e2e elementor-widget elementor-widget-text-editor\" data-id=\"04c4e2e\" data-element_type=\"widget\" data-e-type=\"widget\" data-widget_type=\"text-editor.default\">\n\t\t\t\t\t\t\t\t\t<p style=\"text-align: left;\"><strong>O que \u00e9 um cookie?<\/strong><br>Um cookie \u00e9 um pequeno fragmento de texto, que os sites enviam para o browser e que \u00e9 armazenado no dispositivo terminal do utilizador, por exemplo, um PC, um celular, um tablet, etc. Estes arquivos permitem que o site se lembre de informa\u00e7\u00f5es sobre a sua visita, tais como o idioma e as op\u00e7\u00f5es preferenciais, o que pode facilitar a visita seguinte e tornar o site mais \u00fatil para voc\u00ea. Os cookies t\u00eam um papel muito importante na melhoria das experi\u00eancias do utilizador na Web.<\/p>\n<p style=\"text-align: left;\"><strong>Como s\u00e3o utilizados os cookies?<br><\/strong>Ao navegar neste site, est\u00e1 aceitando que instalemos cookies no seu dispositivo e permitindo que tenhamos acesso \u00e0 seguinte informa\u00e7\u00e3o:<br>\u2013 Informa\u00e7\u00e3o estat\u00edstica sobre a utiliza\u00e7\u00e3o da Web pelo utilizador.<br>\u2013 O formato preferencial para acesso \u00e0 Web a partir de dispositivos m\u00f3veis.<br>\u2013 \u00daltimas pesquisas realizadas sobre servi\u00e7os na Web e servi\u00e7os de personaliza\u00e7\u00e3o de dados.<br>\u2013 Informa\u00e7\u00e3o sobre os an\u00fancios apresentados ao utilizador.<br>\u2013 Liga\u00e7\u00e3o de dados a redes sociais para utilizadores, acesso ao Facebook ou Twitter.<\/p>\n<p style=\"text-align: left;\"><strong>Tipos de cookies utilizados:<br><\/strong>Este site utiliza cookies de sess\u00e3o tempor\u00e1rios e cookies persistentes. Os cookies de sess\u00e3o armazenam informa\u00e7\u00e3o apenas enquanto o utilizador est\u00e1 a acessar \u00e0 Web, enquanto que os cookies persistentes s\u00e3o armazenados nos dados do dispositivo terminal e acessados e utilizados em mais do que uma sess\u00e3o.<br>Cookies t\u00e9cnicos: permitem ao utilizador navegar no site ou na aplica\u00e7\u00e3o e utilizar as v\u00e1rias op\u00e7\u00f5es ou servi\u00e7os a\u00ed disponibilizados. Por exemplo, a n\u00edvel de controle de tr\u00e1fego e comunica\u00e7\u00e3o de dados, para identificar a sess\u00e3o, acessar partes restritas do site, etc.<br>Personaliza\u00e7\u00e3o de cookies: permite aos utilizadores acessarem ao servi\u00e7o com algumas propriedades gerais predefinidas no seu dispositivo terminal ou defini\u00e7\u00f5es do utilizador. Por exemplo, o idioma, o tipo de browser atrav\u00e9s do qual acessa ao servi\u00e7o, o design do conte\u00fado selecionado.<br>Cookies Estritamente Necess\u00e1rios: Estes cookies s\u00e3o necess\u00e1rios para o funcionamento do site e n\u00e3o podem ser desligados nos nossos sistemas. S\u00e3o geralmente definidos em resposta a a\u00e7\u00f5es realizadas por voc\u00ea, que correspondem a pedidos de servi\u00e7os, tais como definir as suas prefer\u00eancias de privacidade, iniciar sess\u00e3o ou preencher formul\u00e1rios. Pode configurar o seu navegador para bloquear ou para o alertar para estes cookies, mas nesse caso algumas partes do site deixar\u00e3o de funcionar. Estes cookies n\u00e3o guardam quaisquer informa\u00e7\u00f5es pessoais identific\u00e1veis.<br>Cookies de Desempenho: Estes cookies permitem-nos contar visitas e fontes de tr\u00e1fego, para que possamos medir e melhorar o desempenho do nosso site. Eles ajudam-nos a saber que p\u00e1ginas s\u00e3o mais e menos populares e a ver como os visitantes se movem pelo site. Todas as informa\u00e7\u00f5es que estes cookies recolhem s\u00e3o agregadas, portanto, an\u00f4nimas. Se n\u00e3o permitir estes cookies, n\u00e3o saberemos quando visitou o nosso site e n\u00e3o poderemos monitorar o seu desempenho.<br>Cookies de an\u00e1lise estat\u00edstica: permitem a monitoriza\u00e7\u00e3o e a an\u00e1lise do comportamento do utilizador em sites. As informa\u00e7\u00f5es recolhidas atrav\u00e9s destes cookies s\u00e3o utilizadas para medir a atividade de sites na Web, aplica\u00e7\u00f5es ou plataformas e criar um perfil de navega\u00e7\u00e3o do utilizador nesses sites, com vista a melhorar o servi\u00e7o e a funcionalidade para os utilizadores.<\/p>\n<p style=\"text-align: left;\"><strong>Desativar os cookies:<\/strong><br>Pode bloquear os cookies, ativando a defini\u00e7\u00e3o no seu browser que lhe permite rejeitar o armazenamento de todos ou alguns cookies. Segue link para a <a href=\"https:\/\/www.comparitech.com\/internet-providers\/how-to-clear-cookies\/\" target=\"_blank\" rel=\"noopener\">p\u00e1gina que explica<\/a> como pode realizar este procedimento. No entanto, se utilizar as defini\u00e7\u00f5es do seu browser para bloquear todos os cookies (incluindo cookies essenciais) poder\u00e1 n\u00e3o conseguir aceder a todo ou a partes do nosso site, ou quaisquer outros sites que visite.<strong><br><\/strong>Com exce\u00e7\u00e3o de cookies essenciais, todos os cookies expiram decorrido um certo per\u00edodo de tempo.<\/p>\t\t\t\t\t\t\t\t<\/div>\n\t\t\t\t\t<\/div>\n\t\t\t\t<\/div>\n\t\t\t\t<\/div>\n\t\t","protected":false},"excerpt":{"rendered":"<p>Conhe\u00e7a nossa Pol\u00edtica de Cookies Este site utiliza cookies e, em alguns casos, cookies de terceiros para proporcionar uma melhor experi\u00eancia e servi\u00e7o aos utilizadores. Ao navegar ou utilizar os nossos servi\u00e7os est\u00e1 aceitando que utilizemos cookies. No entanto, o utilizador tem a op\u00e7\u00e3o de impedir a cria\u00e7\u00e3o de cookies ou de apagar os mesmos, [&hellip;]<\/p>\n","protected":false},"author":1,"featured_media":0,"parent":0,"menu_order":0,"comment_status":"closed","ping_status":"closed","template":"elementor_header_footer","meta":{"inline_featured_image":false,"footnotes":""},"class_list":["post-26630","page","type-page","status-publish","hentry"],"_links":{"self":[{"href":"https:\/\/botrecuperacaodedados.com\/pt-br\/wp-json\/wp\/v2\/pages\/26630","targetHints":{"allow":["GET"]}}],"collection":[{"href":"https:\/\/botrecuperacaodedados.com\/pt-br\/wp-json\/wp\/v2\/pages"}],"about":[{"href":"https:\/\/botrecuperacaodedados.com\/pt-br\/wp-json\/wp\/v2\/types\/page"}],"author":[{"embeddable":true,"href":"https:\/\/botrecuperacaodedados.com\/pt-br\/wp-json\/wp\/v2\/users\/1"}],"replies":[{"embeddable":true,"href":"https:\/\/botrecuperacaodedados.com\/pt-br\/wp-json\/wp\/v2\/comments?post=26630"}],"version-history":[{"count":0,"href":"https:\/\/botrecuperacaodedados.com\/pt-br\/wp-json\/wp\/v2\/pages\/26630\/revisions"}],"wp:attachment":[{"href":"https:\/\/botrecuperacaodedados.com\/pt-br\/wp-json\/wp\/v2\/media?parent=26630"}],"curies":[{"name":"wp","href":"https:\/\/api.w.org\/{rel}","templated":true}]}}