{"id":27209,"date":"2023-05-10T14:35:14","date_gmt":"2023-05-10T17:35:14","guid":{"rendered":"https:\/\/botrecuperacaodedados.com\/cookies\/"},"modified":"2023-06-04T23:56:11","modified_gmt":"2023-06-05T02:56:11","slug":"cookies","status":"publish","type":"page","link":"https:\/\/botrecuperacaodedados.com\/pt-pt\/cookies\/","title":{"rendered":"Pol\u00edtica de Cookies"},"content":{"rendered":"\t\t<div data-elementor-type=\"wp-page\" data-elementor-id=\"27209\" class=\"elementor elementor-27209 elementor-26630\" data-elementor-post-type=\"page\">\n\t\t\t\t<div class=\"elementor-element elementor-element-2ac1707 e-flex e-con-boxed e-con e-parent\" data-id=\"2ac1707\" data-element_type=\"container\" data-e-type=\"container\" data-settings=\"{&quot;background_background&quot;:&quot;classic&quot;}\">\n\t\t\t\t\t<div class=\"e-con-inner\">\n\t\t\t\t<div class=\"elementor-element elementor-element-df20de5 elementor-widget__width-initial elementor-widget-mobile__width-inherit elementor-widget elementor-widget-heading\" data-id=\"df20de5\" data-element_type=\"widget\" data-e-type=\"widget\" data-widget_type=\"heading.default\">\n\t\t\t\t\t<h1 class=\"elementor-heading-title elementor-size-default\">Conhe\u00e7a a nossa <br> <font color=\"#6E22E4\">Pol\u00edtica de Cookies<\/font><\/h1>\t\t\t\t<\/div>\n\t\t\t\t<div class=\"elementor-element elementor-element-c7aba26 elementor-widget elementor-widget-text-editor\" data-id=\"c7aba26\" data-element_type=\"widget\" data-e-type=\"widget\" data-widget_type=\"text-editor.default\">\n\t\t\t\t\t\t\t\t\t<p>Um cookie \u00e9 um pequeno peda\u00e7o de texto que os sites enviam para o navegador e que \u00e9 armazenado no dispositivo terminal do utilizador, por exemplo, um PC, um telem\u00f3vel, um tablet, etc. Esses arquivos permitem que o site se lembre de informa\u00e7\u00f5es sobre a sua visita, como idioma e op\u00e7\u00f5es preferidas, o que pode facilitar a pr\u00f3xima visita e tornar o site mais \u00fatil para si. Os cookies desempenham um papel muito importante na melhoria das experi\u00eancias dos utilizadores na web.<\/p>\t\t\t\t\t\t\t\t<\/div>\n\t\t\t\t\t<\/div>\n\t\t\t\t<\/div>\n\t\t<div class=\"elementor-element elementor-element-62d1573 e-flex e-con-boxed e-con e-parent\" data-id=\"62d1573\" data-element_type=\"container\" data-e-type=\"container\">\n\t\t\t\t\t<div class=\"e-con-inner\">\n\t\t\t\t<div class=\"elementor-element elementor-element-04c4e2e elementor-widget elementor-widget-text-editor\" data-id=\"04c4e2e\" data-element_type=\"widget\" data-e-type=\"widget\" data-widget_type=\"text-editor.default\">\n\t\t\t\t\t\t\t\t\t<p style=\"text-align: left;\"><strong>O que \u00e9 um cookie?<\/strong><br \/>Um cookie \u00e9 um pequeno peda\u00e7o de texto que os sites enviam para o navegador e que \u00e9 armazenado no dispositivo terminal do utilizador, por exemplo, um PC, um telem\u00f3vel, um tablet, etc. Esses arquivos permitem que o site se lembre de informa\u00e7\u00f5es sobre a sua visita, como idioma e op\u00e7\u00f5es preferidas, o que pode facilitar a pr\u00f3xima visita e tornar o site mais \u00fatil para si. Os cookies desempenham um papel muito importante na melhoria das experi\u00eancias dos utilizadores na web.<\/p><p style=\"text-align: left;\"><strong>Como s\u00e3o utilizados os cookies?<br \/><\/strong>Ao navegar neste website, est\u00e1 a aceitar que instalemos cookies no seu dispositivo e a permitir-nos ter acesso \u00e0s seguintes informa\u00e7\u00f5es:<br \/>\u2013 Informa\u00e7\u00e3o estat\u00edstica sobre a utiliza\u00e7\u00e3o da Web pelo utilizador.<br \/>\u2013 O formato preferido para aceder \u00e0 Web a partir de dispositivos m\u00f3veis.<br \/>\u2013 Pesquisas mais recentes realizadas sobre servi\u00e7os web e servi\u00e7os de personaliza\u00e7\u00e3o de dados.<br \/>\u2013 Informa\u00e7\u00e3o sobre os an\u00fancios apresentados ao utilizador.<br \/>\u2013 Liga\u00e7\u00e3o de dados a redes sociais para utilizadores, acesso ao Facebook ou Twitter.<\/p><p style=\"text-align: left;\"><strong>Tipos de cookies utilizados:<br \/><\/strong> Este website utiliza cookies de sess\u00e3o tempor\u00e1rios e cookies persistentes. Os cookies de sess\u00e3o armazenam informa\u00e7\u00f5es apenas enquanto o utilizador acede \u00e0 Web, enquanto os cookies persistentes s\u00e3o armazenados nos dados do dispositivo terminal e acedidos e utilizados em mais do que uma sess\u00e3o.<br \/>Cookies t\u00e9cnicos: permitem ao utilizador navegar no website ou aplica\u00e7\u00e3o e utilizar as v\u00e1rias op\u00e7\u00f5es ou servi\u00e7os dispon\u00edveis no mesmo. Por exemplo, ao n\u00edvel do controlo de tr\u00e1fego e comunica\u00e7\u00e3o de dados, para identificar a sess\u00e3o, aceder a partes restritas do website, etc.<br \/>Personaliza\u00e7\u00e3o de cookies: permite aos utilizadores aceder ao servi\u00e7o com algumas propriedades gerais predefinidas no seu dispositivo terminal ou defini\u00e7\u00f5es de utilizador. Por exemplo, o idioma, o tipo de navegador atrav\u00e9s do qual acede o servi\u00e7o, o design do conte\u00fado selecionado.<br \/>Cookies Estritamente Necess\u00e1rios: Estes cookies s\u00e3o necess\u00e1rios para o funcionamento do website e n\u00e3o podem ser desligados nos nossos sistemas. Geralmente, s\u00e3o definidos em resposta a a\u00e7\u00f5es tomadas por si que correspondem a pedidos de servi\u00e7os, tais como definir as suas prefer\u00eancias de privacidade, iniciar sess\u00e3o ou preencher formul\u00e1rios. Pode configurar o seu navegador para bloquear ou alert\u00e1-lo sobre estes cookies, mas neste caso algumas partes do site deixar\u00e3o de funcionar. Estes cookies n\u00e3o armazenam qualquer informa\u00e7\u00e3o pessoal identific\u00e1vel.<br \/>Cookies de desempenho: Estes cookies permitem-nos contar as visitas e as fontes de tr\u00e1fego, para que possamos medir e melhorar o desempenho do nosso website. Ajudam-nos a saber quais p\u00e1ginas s\u00e3o mais e menos populares e a ver como os visitantes se movem pelo site. Toda a informa\u00e7\u00e3o que estes cookies recolhem \u00e9 agregada, portanto, an\u00f3nima. Se n\u00e3o permitir estes cookies, n\u00e3o saberemos quando visitou o nosso website e n\u00e3o poderemos monitorizar o seu desempenho.<br \/>Cookies de an\u00e1lise estat\u00edstica: permitem monitorizar e analisar o comportamento do utilizador nos websites. A informa\u00e7\u00e3o recolhida atrav\u00e9s destes cookies \u00e9 utilizada para medir a atividade de websites, aplica\u00e7\u00f5es ou plataformas e para criar um perfil de navega\u00e7\u00e3o do utilizador nesses websites, com vista a melhorar o servi\u00e7o e a funcionalidade para os utilizadores.<\/p><p style=\"text-align: left;\"><strong>Desativar cookies:<\/strong><br \/>Pode bloquear os cookies ativando a defini\u00e7\u00e3o no seu navegador que lhe permite rejeitar o armazenamento de todos ou alguns cookies. A seguir est\u00e1 um link para a <a href=\"https:\/\/www.comparitech.com\/internet-providers\/how-to-clear-cookies\/\" target=\"_blank\" rel=\"noopener\">p\u00e1gina que explica<\/a> como pode executar este procedimento. No entanto, se utilizar as defini\u00e7\u00f5es do seu navegador para bloquear todos os cookies (incluindo cookies essenciais), poder\u00e1 n\u00e3o conseguir aceder \u00e0 totalidade ou a partes do nosso website, ou a quaisquer outros websites que visite.<strong><br \/><\/strong>Com exce\u00e7\u00e3o dos cookies essenciais, todos os cookies expiram ap\u00f3s um determinado per\u00edodo de tempo.<\/p>\t\t\t\t\t\t\t\t<\/div>\n\t\t\t\t\t<\/div>\n\t\t\t\t<\/div>\n\t\t\t\t<\/div>\n\t\t","protected":false},"excerpt":{"rendered":"<p>Conhe\u00e7a a nossa Pol\u00edtica de Cookies Um cookie \u00e9 um pequeno peda\u00e7o de texto que os sites enviam para o navegador e que \u00e9 armazenado no dispositivo terminal do utilizador, por exemplo, um PC, um telem\u00f3vel, um tablet, etc. Esses arquivos permitem que o site se lembre de informa\u00e7\u00f5es sobre a sua visita, como idioma [&hellip;]<\/p>\n","protected":false},"author":1,"featured_media":0,"parent":0,"menu_order":0,"comment_status":"closed","ping_status":"closed","template":"elementor_header_footer","meta":{"inline_featured_image":false,"footnotes":""},"class_list":["post-27209","page","type-page","status-publish","hentry"],"_links":{"self":[{"href":"https:\/\/botrecuperacaodedados.com\/pt-pt\/wp-json\/wp\/v2\/pages\/27209","targetHints":{"allow":["GET"]}}],"collection":[{"href":"https:\/\/botrecuperacaodedados.com\/pt-pt\/wp-json\/wp\/v2\/pages"}],"about":[{"href":"https:\/\/botrecuperacaodedados.com\/pt-pt\/wp-json\/wp\/v2\/types\/page"}],"author":[{"embeddable":true,"href":"https:\/\/botrecuperacaodedados.com\/pt-pt\/wp-json\/wp\/v2\/users\/1"}],"replies":[{"embeddable":true,"href":"https:\/\/botrecuperacaodedados.com\/pt-pt\/wp-json\/wp\/v2\/comments?post=27209"}],"version-history":[{"count":0,"href":"https:\/\/botrecuperacaodedados.com\/pt-pt\/wp-json\/wp\/v2\/pages\/27209\/revisions"}],"wp:attachment":[{"href":"https:\/\/botrecuperacaodedados.com\/pt-pt\/wp-json\/wp\/v2\/media?parent=27209"}],"curies":[{"name":"wp","href":"https:\/\/api.w.org\/{rel}","templated":true}]}}