{"id":32727,"date":"2023-06-21T16:52:49","date_gmt":"2023-06-21T19:52:49","guid":{"rendered":"https:\/\/botrecuperacaodedados.com\/?page_id=32727"},"modified":"2025-06-05T07:42:06","modified_gmt":"2025-06-05T10:42:06","slug":"pagamento-pt","status":"publish","type":"page","link":"https:\/\/botrecuperacaodedados.com\/pt-pt\/pagamento-pt\/","title":{"rendered":"Pagamento &#8211; Bot Portugal"},"content":{"rendered":"\t\t<div data-elementor-type=\"wp-page\" data-elementor-id=\"32727\" class=\"elementor elementor-32727\" data-elementor-post-type=\"page\">\n\t\t\t\t<div class=\"elementor-element elementor-element-4d4b32ae e-flex e-con-boxed e-con e-parent\" data-id=\"4d4b32ae\" data-element_type=\"container\" data-e-type=\"container\" data-settings=\"{&quot;background_background&quot;:&quot;classic&quot;}\">\n\t\t\t\t\t<div class=\"e-con-inner\">\n\t\t\t\t<div class=\"elementor-element elementor-element-2b330be6 elementor-widget__width-initial elementor-widget-mobile__width-inherit elementor-widget elementor-widget-heading\" data-id=\"2b330be6\" data-element_type=\"widget\" data-e-type=\"widget\" data-widget_type=\"heading.default\">\n\t\t\t\t\t<h1 class=\"elementor-heading-title elementor-size-default\">Dados para pagamento da  <font color=\"#6E22E4\">An\u00e1lise Priorit\u00e1ria ou Urgente <\/font><\/h1>\t\t\t\t<\/div>\n\t\t\t\t\t<\/div>\n\t\t\t\t<\/div>\n\t\t<div class=\"elementor-element elementor-element-f7def27 e-flex e-con-boxed e-con e-parent\" data-id=\"f7def27\" data-element_type=\"container\" data-e-type=\"container\">\n\t\t\t\t\t<div class=\"e-con-inner\">\n\t\t\t\t<div class=\"elementor-element elementor-element-526fc681 meu-texto elementor-widget__width-initial elementor-widget elementor-widget-text-editor\" data-id=\"526fc681\" data-element_type=\"widget\" data-e-type=\"widget\" data-widget_type=\"text-editor.default\">\n\t\t\t\t\t\t\t\t\t<p class=\"p1\">\n<\/p><p class=\"p1\">\n<\/p><p class=\"p1\">Obrigado por preencher o formul\u00e1rio e optar por uma an\u00e1lise com atendimento acelerado. Para dar seguimento, por favor realize o pagamento conforme a modalidade escolhida:<\/p>\n<h4>&nbsp;<\/h4>\n<h4><b>Dados Banc\u00e1rios<\/b><\/h4>\n<p class=\"p1\"><span class=\"s2\"><b>Titular:<\/b><\/span> Matrixmassive LDA<\/p>\n<p class=\"p1\"><span class=\"s2\"><b>Banco:<\/b><\/span> Millennium BCP<\/p>\n<p class=\"p1\"><span class=\"s2\"><b>IBAN:<\/b><\/span> PT50 0033 0000 4552 1033 0980 5<\/p>\n<p class=\"p4\"><b>SWIFT\/BIC:<\/b><span class=\"s3\"> BCOMPTPL<\/span><\/p>\n<h4>&nbsp;<\/h4>\n<h4><b>Valores<\/b><\/h4>\n<ul>\n<li>\n<p class=\"p1\"><b>Priorit\u00e1ria (at\u00e9 24h):<\/b><span class=\"s1\"> 127\u202f\u20ac<\/span><\/p>\n<\/li>\n<li>\n<p class=\"p1\"><b>Urgente (at\u00e9 12h):<\/b><span class=\"s1\"> 270\u202f\u20ac<\/span><\/p>\n<p class=\"p2\"><i>(Valores j\u00e1 est\u00e3o com IVA inclu\u00eddo)<\/i><\/p>\n<\/li>\n<\/ul>\n<p class=\"p1\">Ap\u00f3s o pagamento, envie o comprovativo para:<\/p>\n<p class=\"p4\"><b>contacto@botrecuperacao.pt<\/b><b><\/b><\/p>\n<p class=\"p4\"><b>&nbsp;<\/b><\/p>\n<p class=\"p4\"><b>Importante:<\/b><b><\/b><\/p>\n<p class=\"p1\">Se o pagamento n\u00e3o for conclu\u00eddo dentro do prazo, a an\u00e1lise ser\u00e1 automaticamente tratada na modalidade gratuita (48h).<\/p>\n<p class=\"p1\">\n<\/p>\t\t\t\t\t\t\t\t<\/div>\n\t\t\t\t\t<\/div>\n\t\t\t\t<\/div>\n\t\t\t\t<\/div>\n\t\t","protected":false},"excerpt":{"rendered":"<p>Dados para pagamento da An\u00e1lise Priorit\u00e1ria ou Urgente<\/p>\n","protected":false},"author":1,"featured_media":0,"parent":0,"menu_order":0,"comment_status":"closed","ping_status":"closed","template":"elementor_header_footer","meta":{"inline_featured_image":false,"footnotes":""},"class_list":["post-32727","page","type-page","status-publish","hentry"],"_links":{"self":[{"href":"https:\/\/botrecuperacaodedados.com\/pt-pt\/wp-json\/wp\/v2\/pages\/32727","targetHints":{"allow":["GET"]}}],"collection":[{"href":"https:\/\/botrecuperacaodedados.com\/pt-pt\/wp-json\/wp\/v2\/pages"}],"about":[{"href":"https:\/\/botrecuperacaodedados.com\/pt-pt\/wp-json\/wp\/v2\/types\/page"}],"author":[{"embeddable":true,"href":"https:\/\/botrecuperacaodedados.com\/pt-pt\/wp-json\/wp\/v2\/users\/1"}],"replies":[{"embeddable":true,"href":"https:\/\/botrecuperacaodedados.com\/pt-pt\/wp-json\/wp\/v2\/comments?post=32727"}],"version-history":[{"count":0,"href":"https:\/\/botrecuperacaodedados.com\/pt-pt\/wp-json\/wp\/v2\/pages\/32727\/revisions"}],"wp:attachment":[{"href":"https:\/\/botrecuperacaodedados.com\/pt-pt\/wp-json\/wp\/v2\/media?parent=32727"}],"curies":[{"name":"wp","href":"https:\/\/api.w.org\/{rel}","templated":true}]}}